{"id":1828,"date":"2021-11-03T10:07:22","date_gmt":"2021-11-03T10:07:22","guid":{"rendered":"http:\/\/seguridadsvip365-3s.com\/?page_id=1828"},"modified":"2023-10-28T19:47:54","modified_gmt":"2023-10-28T23:47:54","slug":"svip-recursos-hmh","status":"publish","type":"page","link":"https:\/\/seguridadsvip365-3s.com\/index.php\/svip-recursos-hmh\/","title":{"rendered":"SVIP RECURSOS HMH."},"content":{"rendered":"<p>[et_pb_section fb_built=\u00bb1&#8243; inner_shadow=\u00bbon\u00bb disabled_on=\u00bbon|on|off\u00bb _builder_version=\u00bb4.0.9&#8243; use_background_color_gradient=\u00bbon\u00bb background_color_gradient_start=\u00bb#ede100&#8243; background_color_gradient_end=\u00bbrgba(0,0,0,0.54)\u00bb background_image=\u00bbhttp:\/\/seguridadsvip365-3s.com\/wp-content\/uploads\/2021\/04\/RG.jpg\u00bb width=\u00bb100%\u00bb width_tablet=\u00bb\u00bb width_phone=\u00bb100%\u00bb width_last_edited=\u00bbon|phone\u00bb max_width=\u00bb100%\u00bb min_height=\u00bb405px\u00bb height_tablet=\u00bb\u00bb height_phone=\u00bb100vh\u00bb height_last_edited=\u00bbon|desktop\u00bb max_height=\u00bb100px\u00bb max_height_tablet=\u00bb\u00bb max_height_phone=\u00bb\u00bb max_height_last_edited=\u00bbon|desktop\u00bb custom_margin=\u00bb||-34px||false|false\u00bb custom_padding=\u00bb46px||482px|0px||\u00bb top_divider_color=\u00bb#000000&#8243; bottom_divider_style=\u00bbasymmetric3&#8243; bottom_divider_color=\u00bb#edf000&#8243; bottom_divider_height=\u00bb155px\u00bb bottom_divider_flip=\u00bbvertical\u00bb background_last_edited=\u00bbon|phone\u00bb background_image_phone=\u00bbhttp:\/\/seguridadsvip365-3s.com\/wp-content\/uploads\/2021\/10\/Captura-de-pantalla-10.png\u00bb background_enable_image_phone=\u00bbon\u00bb background_position_tablet=\u00bbcenter\u00bb background_repeat_tablet=\u00bbrepeat-x\u00bb background_repeat_phone=\u00bbspace\u00bb locked=\u00bboff\u00bb][et_pb_row _builder_version=\u00bb4.0.9&#8243;][et_pb_column type=\u00bb4_4&#8243; _builder_version=\u00bb4.0.9&#8243;][et_pb_text disabled_on=\u00bbon|on|off\u00bb _builder_version=\u00bb4.0.9&#8243; text_font=\u00bbPoppins|700|||||||\u00bb text_text_color=\u00bb#000000&#8243; text_font_size=\u00bb40px\u00bb text_letter_spacing=\u00bb1px\u00bb text_line_height=\u00bb1.6em\u00bb min_height=\u00bb57px\u00bb custom_margin=\u00bb140px|-21px|1px|-99px||\u00bb custom_padding=\u00bb225px||109px|167px||\u00bb text_font_size_tablet=\u00bb\u00bb text_font_size_phone=\u00bb30px\u00bb text_font_size_last_edited=\u00bbon|phone\u00bb text_text_shadow_style=\u00bbpreset1&#8243; locked=\u00bboff\u00bb]<\/p>\n<p style=\"text-align: center;\"><u>RECURSOS HUMANOS SVIP365<\/u><\/p>\n<p>[\/et_pb_text][et_pb_button button_url=\u00bbhttps:\/\/seguridadsvip365-3s.com\/index.php\/nuestros-servicios\/?et_fb=1&#038;PageSpeed=off\u00bb button_text=\u00bbCLICK PARA REGRESAR ATRAS\u00bb button_alignment=\u00bbcenter\u00bb _builder_version=\u00bb4.0.9&#8243; custom_button=\u00bbon\u00bb button_text_color=\u00bb#000000&#8243; button_bg_color=\u00bb#ddc300&#8243; button_border_color=\u00bbrgba(0,0,0,0)\u00bb button_use_icon=\u00bboff\u00bb custom_margin=\u00bb7px|6px|-326px|829px|false|false\u00bb custom_padding=\u00bb5px|0px|0px|0px||\u00bb button_text_shadow_style=\u00bbpreset1&#8243; box_shadow_style=\u00bbpreset5&#8243; locked=\u00bboff\u00bb][\/et_pb_button][\/et_pb_column][\/et_pb_row][\/et_pb_section][et_pb_section fb_built=\u00bb1&#8243; disabled_on=\u00bbon|on|off\u00bb _builder_version=\u00bb4.0.9&#8243; background_enable_image=\u00bboff\u00bb min_height=\u00bb223px\u00bb custom_padding=\u00bb88px||127px|||\u00bb locked=\u00bboff\u00bb][et_pb_row _builder_version=\u00bb4.0.9&#8243; custom_margin=\u00bb-53px|auto||auto||\u00bb custom_padding=\u00bb0px||0px|||\u00bb][et_pb_column type=\u00bb4_4&#8243; _builder_version=\u00bb4.0.9&#8243;][et_pb_text _builder_version=\u00bb4.0.9&#8243; background_color=\u00bbrgba(0,0,0,0)\u00bb background_image=\u00bbhttp:\/\/seguridadsvip365-3s.com\/wp-content\/uploads\/2021\/10\/imagen.jpg\u00bb min_height=\u00bb30px\u00bb custom_margin=\u00bb30px||102px|||\u00bb custom_padding=\u00bb13px||0px|||\u00bb text_text_shadow_style=\u00bbpreset1&#8243; locked=\u00bboff\u00bb]<\/p>\n<h4 style=\"text-align: center;\"><strong>SEGURIDAD Y VIGILANCIA PRIVADA SVIP365<\/strong><\/h4>\n<p>[\/et_pb_text][et_pb_text _builder_version=\u00bb4.0.9&#8243; text_font=\u00bbPoppins|700|||||||\u00bb text_text_color=\u00bb#000000&#8243; text_font_size=\u00bb30px\u00bb text_line_height=\u00bb1.8em\u00bb width=\u00bb55.5%\u00bb module_alignment=\u00bbcenter\u00bb custom_margin=\u00bb-38px|-167px|31px|-236px||\u00bb custom_padding=\u00bb6px|0px|15px|0px||\u00bb text_font_size_tablet=\u00bb\u00bb text_font_size_phone=\u00bb25px\u00bb text_font_size_last_edited=\u00bbon|phone\u00bb locked=\u00bboff\u00bb]<\/p>\n<p style=\"text-align: center;\"><span style=\"text-decoration: underline;\">DISCIPLINA, ORDEN Y RESPONSABILIDAD EN NUESTRO EQUIPO DE SEGURIDAD RR.HH.<\/span><\/p>\n<p>[\/et_pb_text][\/et_pb_column][\/et_pb_row][et_pb_row column_structure=\u00bb1_2,1_2&#8243; _builder_version=\u00bb4.0.9&#8243; custom_margin=\u00bb-114px|194px|59px|132px||\u00bb custom_padding=\u00bb38px|39px|26px|||\u00bb][et_pb_column type=\u00bb1_2&#8243; _builder_version=\u00bb4.0.9&#8243;][et_pb_text _builder_version=\u00bb4.0.9&#8243; text_font=\u00bbPoppins||||||||\u00bb text_text_color=\u00bb#000000&#8243; text_font_size=\u00bb19px\u00bb header_font=\u00bbPoppins|700|||||||\u00bb header_text_color=\u00bb#000000&#8243; background_color=\u00bb#edf000&#8243; background_enable_image=\u00bboff\u00bb text_orientation=\u00bbcenter\u00bb min_height=\u00bb95px\u00bb custom_margin=\u00bb9px|-3px|41px|-16px||\u00bb custom_padding=\u00bb21px||41px|8px||\u00bb animation_style=\u00bbfade\u00bb text_text_shadow_style=\u00bbpreset1&#8243; header_text_shadow_style=\u00bbpreset1&#8243; header_text_shadow_color=\u00bb#000000&#8243; border_width_all=\u00bb3px\u00bb border_color_all=\u00bb#000000&#8243; box_shadow_style=\u00bbpreset4&#8243; locked=\u00bboff\u00bb]<\/p>\n<h4 style=\"text-align: left;\">SVIP365 RR.HH<\/h4>\n<h4 style=\"text-align: left;\">\u00a0incorpora \u00fanicamente personal altamente calificado, para ello todos los vigilantes de nuestra empresa son cuidadosamente evaluados y seleccionados mediante Test de Suficiencia Psicotecnica.<\/h4>\n<p style=\"text-align: left;\"><strong>Capacidades de nuestros Agentes de Seguridad <\/strong><\/p>\n<p style=\"text-align: left;\"><span style=\"font-size: 19px;\">Ejecuci\u00f3n marcial de sus labores.<\/span><\/p>\n<p style=\"text-align: left;\">Reacci\u00f3n r\u00e1pida.<\/p>\n<p style=\"text-align: left;\">Confidencialidad absoluta de sus funciones, inclusive despu\u00e9s de terminada la relaci\u00f3n comercial.<\/p>\n<p style=\"text-align: left;\">Trato al p\u00fablico profesional, manteniendo un equilibrio entre la amabilidad e indocilidad, evitando distracciones.<\/p>\n<p style=\"text-align: left;\">Conducci\u00f3n ofensiva y defensiva.Manejo profesional de t\u00e9cnicas de escape.<\/p>\n<p>&nbsp;<\/p>\n<p>[\/et_pb_text][\/et_pb_column][et_pb_column type=\u00bb1_2&#8243; _builder_version=\u00bb4.0.9&#8243;][et_pb_text _builder_version=\u00bb4.0.9&#8243; text_font=\u00bbPoppins||||||||\u00bb text_text_color=\u00bb#000000&#8243; text_font_size=\u00bb19px\u00bb header_font=\u00bbPoppins|700|||||||\u00bb header_text_color=\u00bb#000000&#8243; background_color=\u00bb#edf000&#8243; background_enable_image=\u00bboff\u00bb text_orientation=\u00bbcenter\u00bb min_height=\u00bb87px\u00bb custom_margin=\u00bb9px|-3px|39px|-16px||\u00bb custom_padding=\u00bb21px||74px|8px||\u00bb animation_style=\u00bbfade\u00bb text_text_shadow_style=\u00bbpreset1&#8243; header_text_shadow_style=\u00bbpreset1&#8243; header_text_shadow_color=\u00bb#000000&#8243; border_width_all=\u00bb3px\u00bb border_color_all=\u00bb#000000&#8243; box_shadow_style=\u00bbpreset4&#8243; locked=\u00bboff\u00bb]<\/p>\n<h4 style=\"text-align: left;\"><span style=\"font-size: 18px;\">CAPACITACION DURANTE EL RECLUTAMIENTO<\/span><\/h4>\n<h4 style=\"text-align: left;\">El objetivo del presente dominio es la\u00a0<strong>necesidad de educar e informar al personal\u00a0<\/strong>desde su ingreso y de forma continua, cualquiera que sea la situaci\u00f3n de actividad, acerca de las medidas de seguridad que afectan al desarrollo de sus funciones y de sus expectativas depositadas en los\u00a0<strong>materiales de seguridad y asuntos de confidencialidad<\/strong>. Es necesario reducir los riesgos que generan los errores humanos, la comisi\u00f3n de actos il\u00edcitos, utilizaci\u00f3n inadecuada de instalaciones y recursos y manejo no autorizado de la informaci\u00f3n, junto a la\u00a0<strong>definici\u00f3n de posibles sanciones que se aplicar\u00e1n en caso de incumplimiento<\/strong>.<\/h4>\n<h4 style=\"text-align: left;\">Es necesario explicar las\u00a0<strong>responsabilidades en materia de seguridad<\/strong>\u00a0en la etapa de reclutamiento de personal e incluirlas en los acuerdos a firmarse y verificar su cumplimiento durante el\u00a0<strong>desempe\u00f1o del individuo como empleado<\/strong>, as\u00ed como, garantizar que los usuarios est\u00e9n al corriente de las amenazas e incumbencias en materia de\u00a0<a href=\"https:\/\/www.pmg-ssi.com\/2016\/06\/la-norma-iso-27002-complemento-para-la-iso-27001\/\">seguridad de la informaci\u00f3n<\/a>, y\u00a0<strong>se encuentren capacitados para respaldar la pol\u00edtica<\/strong>\u00a0de seguridad de la empresa en el transcurso de sus tareas nor<span style=\"font-size: 18px;\">e.<\/span><\/h4>\n<p style=\"text-align: left;\">\n<p>[\/et_pb_text][et_pb_image src=\u00bbhttp:\/\/seguridadsvip365-3s.com\/wp-content\/uploads\/2021\/11\/99.jpg\u00bb _builder_version=\u00bb4.0.9&#8243; custom_margin=\u00bb-5px||72px|||\u00bb custom_padding=\u00bb|||0px||\u00bb locked=\u00bboff\u00bb][\/et_pb_image][\/et_pb_column][\/et_pb_row][\/et_pb_section][et_pb_section fb_built=\u00bb1&#8243; disabled_on=\u00bbon|on|off\u00bb _builder_version=\u00bb4.0.9&#8243; background_color=\u00bb#06151C\u00bb background_image=\u00bbhttp:\/\/seguridadsvip365-3s.com\/wp-content\/uploads\/2021\/10\/w.jpg\u00bb custom_margin=\u00bb-189px|||||\u00bb locked=\u00bboff\u00bb][et_pb_row _builder_version=\u00bb4.0.9&#8243; custom_margin=\u00bb-5px|-28px||362px||\u00bb][et_pb_column type=\u00bb4_4&#8243; _builder_version=\u00bb4.0.9&#8243;][et_pb_text _builder_version=\u00bb4.0.9&#8243; text_font=\u00bbPoppins|700|||on||||\u00bb text_text_color=\u00bb#000000&#8243; text_font_size=\u00bb40px\u00bb custom_margin=\u00bb||8px|||\u00bb text_font_size_tablet=\u00bb\u00bb text_font_size_phone=\u00bb26px\u00bb text_font_size_last_edited=\u00bbon|phone\u00bb]<\/p>\n<p>UNETE A NUESTRO EQUIPO<\/p>\n<p>[\/et_pb_text][\/et_pb_column][\/et_pb_row][et_pb_row _builder_version=\u00bb4.0.9&#8243;][et_pb_column type=\u00bb4_4&#8243; _builder_version=\u00bb4.0.9&#8243;][et_pb_contact_form success_message=\u00bbMENSAJE ENVIADO CON EXITO PRONTO NOS PONDREMOS EN CONTACTO CON USTED\u00bb submit_button_text=\u00bbENVIAR\u00bb _builder_version=\u00bb4.0.9&#8243; form_field_background_color=\u00bb#ffffff\u00bb form_field_text_color=\u00bb#000000&#8243; title_text_color=\u00bb#ffffff\u00bb captcha_text_color=\u00bb#ffffff\u00bb custom_button=\u00bbon\u00bb button_text_size=\u00bb20px\u00bb button_text_color=\u00bb#000000&#8243; button_bg_color=\u00bb#FDCF00&#8243; button_border_radius=\u00bb3px\u00bb button_font=\u00bbPoppins||||||||\u00bb button_icon=\u00bb%%52%%\u00bb custom_margin=\u00bb-19px|||||\u00bb][et_pb_contact_field field_id=\u00bbName\u00bb field_title=\u00bbNOMBRE\u00bb _builder_version=\u00bb4.0.9&#8243; button_text_size__hover_enabled=\u00bboff\u00bb button_one_text_size__hover_enabled=\u00bboff\u00bb button_two_text_size__hover_enabled=\u00bboff\u00bb button_text_color__hover_enabled=\u00bboff\u00bb button_one_text_color__hover_enabled=\u00bboff\u00bb button_two_text_color__hover_enabled=\u00bboff\u00bb button_border_width__hover_enabled=\u00bboff\u00bb button_one_border_width__hover_enabled=\u00bboff\u00bb button_two_border_width__hover_enabled=\u00bboff\u00bb button_border_color__hover_enabled=\u00bboff\u00bb button_one_border_color__hover_enabled=\u00bboff\u00bb button_two_border_color__hover_enabled=\u00bboff\u00bb button_border_radius__hover_enabled=\u00bboff\u00bb button_one_border_radius__hover_enabled=\u00bboff\u00bb button_two_border_radius__hover_enabled=\u00bboff\u00bb button_letter_spacing__hover_enabled=\u00bboff\u00bb button_one_letter_spacing__hover_enabled=\u00bboff\u00bb button_two_letter_spacing__hover_enabled=\u00bboff\u00bb button_bg_color__hover_enabled=\u00bboff\u00bb button_one_bg_color__hover_enabled=\u00bboff\u00bb button_two_bg_color__hover_enabled=\u00bboff\u00bb][\/et_pb_contact_field][et_pb_contact_field field_id=\u00bbEmail\u00bb field_title=\u00bbCORREO ELECTRONICO\u00bb field_type=\u00bbemail\u00bb _builder_version=\u00bb4.0.9&#8243; button_text_size__hover_enabled=\u00bboff\u00bb button_one_text_size__hover_enabled=\u00bboff\u00bb button_two_text_size__hover_enabled=\u00bboff\u00bb button_text_color__hover_enabled=\u00bboff\u00bb button_one_text_color__hover_enabled=\u00bboff\u00bb button_two_text_color__hover_enabled=\u00bboff\u00bb button_border_width__hover_enabled=\u00bboff\u00bb button_one_border_width__hover_enabled=\u00bboff\u00bb button_two_border_width__hover_enabled=\u00bboff\u00bb button_border_color__hover_enabled=\u00bboff\u00bb button_one_border_color__hover_enabled=\u00bboff\u00bb button_two_border_color__hover_enabled=\u00bboff\u00bb button_border_radius__hover_enabled=\u00bboff\u00bb button_one_border_radius__hover_enabled=\u00bboff\u00bb button_two_border_radius__hover_enabled=\u00bboff\u00bb button_letter_spacing__hover_enabled=\u00bboff\u00bb button_one_letter_spacing__hover_enabled=\u00bboff\u00bb button_two_letter_spacing__hover_enabled=\u00bboff\u00bb button_bg_color__hover_enabled=\u00bboff\u00bb button_one_bg_color__hover_enabled=\u00bboff\u00bb button_two_bg_color__hover_enabled=\u00bboff\u00bb][\/et_pb_contact_field][et_pb_contact_field field_id=\u00bbMessage\u00bb field_title=\u00bbMENSAJE\u00bb field_type=\u00bbtext\u00bb fullwidth_field=\u00bbon\u00bb _builder_version=\u00bb4.0.9&#8243; button_text_size__hover_enabled=\u00bboff\u00bb button_one_text_size__hover_enabled=\u00bboff\u00bb button_two_text_size__hover_enabled=\u00bboff\u00bb button_text_color__hover_enabled=\u00bboff\u00bb button_one_text_color__hover_enabled=\u00bboff\u00bb button_two_text_color__hover_enabled=\u00bboff\u00bb button_border_width__hover_enabled=\u00bboff\u00bb button_one_border_width__hover_enabled=\u00bboff\u00bb button_two_border_width__hover_enabled=\u00bboff\u00bb button_border_color__hover_enabled=\u00bboff\u00bb button_one_border_color__hover_enabled=\u00bboff\u00bb button_two_border_color__hover_enabled=\u00bboff\u00bb button_border_radius__hover_enabled=\u00bboff\u00bb button_one_border_radius__hover_enabled=\u00bboff\u00bb button_two_border_radius__hover_enabled=\u00bboff\u00bb button_letter_spacing__hover_enabled=\u00bboff\u00bb button_one_letter_spacing__hover_enabled=\u00bboff\u00bb button_two_letter_spacing__hover_enabled=\u00bboff\u00bb button_bg_color__hover_enabled=\u00bboff\u00bb button_one_bg_color__hover_enabled=\u00bboff\u00bb button_two_bg_color__hover_enabled=\u00bboff\u00bb][\/et_pb_contact_field][\/et_pb_contact_form][\/et_pb_column][\/et_pb_row][\/et_pb_section]<\/p>\n","protected":false},"excerpt":{"rendered":"<p>[et_pb_section fb_built=\u00bb1&#8243; inner_shadow=\u00bbon\u00bb disabled_on=\u00bbon|on|off\u00bb _builder_version=\u00bb4.0.9&#8243; use_background_color_gradient=\u00bbon\u00bb background_color_gradient_start=\u00bb#ede100&#8243; background_color_gradient_end=\u00bbrgba(0,0,0,0.54)\u00bb background_image=\u00bbhttp:\/\/seguridadsvip365-3s.com\/wp-content\/uploads\/2021\/04\/RG.jpg\u00bb width=\u00bb100%\u00bb width_tablet=\u00bb\u00bb width_phone=\u00bb100%\u00bb width_last_edited=\u00bbon|phone\u00bb max_width=\u00bb100%\u00bb min_height=\u00bb405px\u00bb height_tablet=\u00bb\u00bb height_phone=\u00bb100vh\u00bb height_last_edited=\u00bbon|desktop\u00bb max_height=\u00bb100px\u00bb max_height_tablet=\u00bb\u00bb max_height_phone=\u00bb\u00bb max_height_last_edited=\u00bbon|desktop\u00bb custom_margin=\u00bb||-34px||false|false\u00bb custom_padding=\u00bb46px||482px|0px||\u00bb top_divider_color=\u00bb#000000&#8243; bottom_divider_style=\u00bbasymmetric3&#8243; bottom_divider_color=\u00bb#edf000&#8243; bottom_divider_height=\u00bb155px\u00bb bottom_divider_flip=\u00bbvertical\u00bb background_last_edited=\u00bbon|phone\u00bb background_image_phone=\u00bbhttp:\/\/seguridadsvip365-3s.com\/wp-content\/uploads\/2021\/10\/Captura-de-pantalla-10.png\u00bb background_enable_image_phone=\u00bbon\u00bb background_position_tablet=\u00bbcenter\u00bb background_repeat_tablet=\u00bbrepeat-x\u00bb background_repeat_phone=\u00bbspace\u00bb locked=\u00bboff\u00bb][et_pb_row _builder_version=\u00bb4.0.9&#8243;][et_pb_column type=\u00bb4_4&#8243; _builder_version=\u00bb4.0.9&#8243;][et_pb_text disabled_on=\u00bbon|on|off\u00bb _builder_version=\u00bb4.0.9&#8243; text_font=\u00bbPoppins|700|||||||\u00bb text_text_color=\u00bb#000000&#8243; text_font_size=\u00bb40px\u00bb text_letter_spacing=\u00bb1px\u00bb text_line_height=\u00bb1.6em\u00bb min_height=\u00bb57px\u00bb custom_margin=\u00bb140px|-21px|1px|-99px||\u00bb custom_padding=\u00bb225px||109px|167px||\u00bb text_font_size_tablet=\u00bb\u00bb text_font_size_phone=\u00bb30px\u00bb text_font_size_last_edited=\u00bbon|phone\u00bb text_text_shadow_style=\u00bbpreset1&#8243; locked=\u00bboff\u00bb] RECURSOS [&hellip;]<\/p>\n","protected":false},"author":2,"featured_media":0,"parent":0,"menu_order":0,"comment_status":"closed","ping_status":"closed","template":"","meta":{"_et_pb_use_builder":"on","_et_pb_old_content":"<!-- wp:divi\/placeholder \/-->","_joinchat":[],"footnotes":""},"_links":{"self":[{"href":"https:\/\/seguridadsvip365-3s.com\/index.php\/wp-json\/wp\/v2\/pages\/1828"}],"collection":[{"href":"https:\/\/seguridadsvip365-3s.com\/index.php\/wp-json\/wp\/v2\/pages"}],"about":[{"href":"https:\/\/seguridadsvip365-3s.com\/index.php\/wp-json\/wp\/v2\/types\/page"}],"author":[{"embeddable":true,"href":"https:\/\/seguridadsvip365-3s.com\/index.php\/wp-json\/wp\/v2\/users\/2"}],"replies":[{"embeddable":true,"href":"https:\/\/seguridadsvip365-3s.com\/index.php\/wp-json\/wp\/v2\/comments?post=1828"}],"version-history":[{"count":6,"href":"https:\/\/seguridadsvip365-3s.com\/index.php\/wp-json\/wp\/v2\/pages\/1828\/revisions"}],"predecessor-version":[{"id":2216,"href":"https:\/\/seguridadsvip365-3s.com\/index.php\/wp-json\/wp\/v2\/pages\/1828\/revisions\/2216"}],"wp:attachment":[{"href":"https:\/\/seguridadsvip365-3s.com\/index.php\/wp-json\/wp\/v2\/media?parent=1828"}],"curies":[{"name":"wp","href":"https:\/\/api.w.org\/{rel}","templated":true}]}}