{"id":1735,"date":"2021-11-02T10:29:58","date_gmt":"2021-11-02T10:29:58","guid":{"rendered":"http:\/\/seguridadsvip365-3s.com\/?page_id=1735"},"modified":"2021-12-31T10:03:33","modified_gmt":"2021-12-31T10:03:33","slug":"pagina-4","status":"publish","type":"page","link":"https:\/\/seguridadsvip365-3s.com\/index.php\/pagina-4\/","title":{"rendered":"SVIP365.4"},"content":{"rendered":"<p>[et_pb_section fb_built=\u00bb1&#8243; inner_shadow=\u00bbon\u00bb disabled_on=\u00bbon|on|off\u00bb _builder_version=\u00bb4.0.9&#8243; use_background_color_gradient=\u00bbon\u00bb background_color_gradient_start=\u00bb#ede100&#8243; background_color_gradient_end=\u00bbrgba(0,0,0,0.54)\u00bb background_image=\u00bbhttp:\/\/seguridadsvip365-3s.com\/wp-content\/uploads\/2021\/12\/WhatsApp-Image-2021-04-06-at-10.51.26-2.jpeg\u00bb width=\u00bb100%\u00bb width_tablet=\u00bb\u00bb width_phone=\u00bb100%\u00bb width_last_edited=\u00bbon|phone\u00bb max_width=\u00bb100%\u00bb min_height=\u00bb405px\u00bb height_tablet=\u00bb\u00bb height_phone=\u00bb100vh\u00bb height_last_edited=\u00bbon|desktop\u00bb max_height=\u00bb100px\u00bb max_height_tablet=\u00bb\u00bb max_height_phone=\u00bb\u00bb max_height_last_edited=\u00bbon|desktop\u00bb custom_margin=\u00bb||-34px||false|false\u00bb custom_padding=\u00bb46px||482px|0px||\u00bb top_divider_color=\u00bb#000000&#8243; bottom_divider_style=\u00bbasymmetric3&#8243; bottom_divider_color=\u00bb#edf000&#8243; bottom_divider_height=\u00bb155px\u00bb bottom_divider_flip=\u00bbvertical\u00bb background_last_edited=\u00bbon|phone\u00bb background_image_phone=\u00bbhttp:\/\/seguridadsvip365-3s.com\/wp-content\/uploads\/2021\/10\/Captura-de-pantalla-10.png\u00bb background_enable_image_phone=\u00bbon\u00bb background_position_tablet=\u00bbcenter\u00bb background_repeat_tablet=\u00bbrepeat-x\u00bb background_repeat_phone=\u00bbspace\u00bb locked=\u00bboff\u00bb][et_pb_row _builder_version=\u00bb4.0.9&#8243;][et_pb_column type=\u00bb4_4&#8243; _builder_version=\u00bb4.0.9&#8243;][et_pb_text disabled_on=\u00bbon|on|off\u00bb _builder_version=\u00bb4.0.9&#8243; text_font=\u00bbPoppins|700|||||||\u00bb text_text_color=\u00bb#000000&#8243; text_font_size=\u00bb40px\u00bb text_letter_spacing=\u00bb1px\u00bb text_line_height=\u00bb1.6em\u00bb min_height=\u00bb57px\u00bb custom_margin=\u00bb172px|-21px|1px|-99px||\u00bb custom_padding=\u00bb198px||109px|167px||\u00bb text_font_size_tablet=\u00bb\u00bb text_font_size_phone=\u00bb30px\u00bb text_font_size_last_edited=\u00bbon|phone\u00bb text_text_shadow_style=\u00bbpreset1&#8243; locked=\u00bboff\u00bb]<\/p>\n<p style=\"text-align: center;\"><u>SEGURIDAD Y VIGILANCIA EN ALAMACENES<\/u><\/p>\n<p>[\/et_pb_text][et_pb_button button_url=\u00bbhttps:\/\/seguridadsvip365-3s.com\/index.php\/nuestros-servicios\/?et_fb=1&#038;PageSpeed=off\u00bb button_text=\u00bbCLICK PARA REGRESAR ATRAS\u00bb button_alignment=\u00bbcenter\u00bb _builder_version=\u00bb4.0.9&#8243; custom_button=\u00bbon\u00bb button_text_color=\u00bb#000000&#8243; button_bg_color=\u00bb#ddc300&#8243; button_border_color=\u00bbrgba(0,0,0,0)\u00bb button_use_icon=\u00bboff\u00bb custom_margin=\u00bb7px|6px|-326px|829px|false|false\u00bb custom_padding=\u00bb5px|0px|0px|0px||\u00bb button_text_shadow_style=\u00bbpreset1&#8243; box_shadow_style=\u00bbpreset5&#8243; locked=\u00bboff\u00bb][\/et_pb_button][\/et_pb_column][\/et_pb_row][\/et_pb_section][et_pb_section fb_built=\u00bb1&#8243; disabled_on=\u00bbon|on|off\u00bb _builder_version=\u00bb4.0.9&#8243; background_enable_image=\u00bboff\u00bb min_height=\u00bb223px\u00bb custom_padding=\u00bb88px||127px|||\u00bb locked=\u00bboff\u00bb][et_pb_row _builder_version=\u00bb4.0.9&#8243; custom_margin=\u00bb-53px|auto||auto||\u00bb custom_padding=\u00bb0px|||||\u00bb][et_pb_column type=\u00bb4_4&#8243; _builder_version=\u00bb4.0.9&#8243;][et_pb_text _builder_version=\u00bb4.0.9&#8243; background_color=\u00bbrgba(0,0,0,0)\u00bb background_image=\u00bbhttp:\/\/seguridadsvip365-3s.com\/wp-content\/uploads\/2021\/10\/imagen.jpg\u00bb min_height=\u00bb30px\u00bb custom_margin=\u00bb30px||4px|||\u00bb custom_padding=\u00bb13px||0px|||\u00bb text_text_shadow_style=\u00bbpreset1&#8243; locked=\u00bboff\u00bb]<\/p>\n<h4 style=\"text-align: center;\"><strong>SEGURIDAD Y VIGILANCIA PRIVADA SVIP365<\/strong><\/h4>\n<p>[\/et_pb_text][\/et_pb_column][\/et_pb_row][et_pb_row column_structure=\u00bb1_2,1_2&#8243; _builder_version=\u00bb4.0.9&#8243; custom_margin=\u00bb-7px|194px|59px|132px||\u00bb custom_padding=\u00bb38px|39px|26px|||\u00bb][et_pb_column type=\u00bb1_2&#8243; _builder_version=\u00bb4.0.9&#8243;][et_pb_blurb title=\u00bbEQUIPO PREPARADO PARA EL REGISTRO Y CUIDADO DE ALMACENES\u00bb image=\u00bbhttp:\/\/seguridadsvip365-3s.com\/wp-content\/uploads\/2021\/12\/WhatsApp-Image-2021-04-06-at-10.51.26.jpeg\u00bb _builder_version=\u00bb4.0.9&#8243; header_font=\u00bbPoppins|700|||||||\u00bb header_font_size=\u00bb20px\u00bb body_font=\u00bbPoppins|300|||||||\u00bb body_font_size=\u00bb17px\u00bb background_color=\u00bb#edf000&#8243; text_orientation=\u00bbcenter\u00bb width=\u00bb72.2%\u00bb min_height=\u00bb310px\u00bb custom_margin=\u00bb108px|1px|-9px|109px|false|false\u00bb custom_margin_tablet=\u00bb|||0px|false|false\u00bb custom_margin_phone=\u00bb|||0px|false|false\u00bb custom_margin_last_edited=\u00bbon|tablet\u00bb custom_padding=\u00bb0px|0px|8px|0px|false|false\u00bb child_filter_opacity=\u00bb93%\u00bb link_option_url=\u00bbhttp:\/\/seguridadsvip365-3s.com\/index.php\/nuestros-servicios\/\u00bb locked=\u00bboff\u00bb child_filter_opacity__hover_enabled=\u00bbon|desktop\u00bb child_filter_opacity__hover=\u00bb100%\u00bb background__hover_enabled=\u00bbon|desktop\u00bb background_color__hover=\u00bb#fdcf00&#8243; background_enable_color__hover=\u00bbon\u00bb][\/et_pb_blurb][\/et_pb_column][et_pb_column type=\u00bb1_2&#8243; _builder_version=\u00bb4.0.9&#8243;][et_pb_text _builder_version=\u00bb4.0.9&#8243; text_font=\u00bbPoppins|700|||||||\u00bb text_text_color=\u00bb#000000&#8243; text_font_size=\u00bb30px\u00bb text_line_height=\u00bb1.8em\u00bb width=\u00bb100%\u00bb custom_margin=\u00bb-38px|-167px|114px|-236px||\u00bb custom_padding=\u00bb6px|0px|15px|0px||\u00bb text_font_size_tablet=\u00bb\u00bb text_font_size_phone=\u00bb25px\u00bb text_font_size_last_edited=\u00bbon|phone\u00bb]<\/p>\n<p style=\"text-align: left;\"><u>BENEFICIOS DE ESTE SERVICIO<\/u><\/p>\n<p>[\/et_pb_text][et_pb_text _builder_version=\u00bb4.0.9&#8243; text_font=\u00bbPoppins||||||||\u00bb text_text_color=\u00bb#000000&#8243; text_font_size=\u00bb18px\u00bb header_font=\u00bbPoppins|600|||||||\u00bb header_text_color=\u00bb#000000&#8243; background_color=\u00bb#edf000&#8243; background_enable_image=\u00bboff\u00bb width=\u00bb102.5%\u00bb min_height=\u00bb87px\u00bb custom_margin=\u00bb-43px|-9px|31px|-10px||\u00bb custom_padding=\u00bb30px|0px|0px|17px||\u00bb animation_style=\u00bbfade\u00bb text_text_shadow_style=\u00bbpreset1&#8243; header_text_shadow_style=\u00bbpreset1&#8243; header_text_shadow_color=\u00bb#000000&#8243; border_width_all=\u00bb3px\u00bb border_color_all=\u00bb#000000&#8243; box_shadow_style=\u00bbpreset4&#8243; locked=\u00bboff\u00bb border_radii__hover_enabled=\u00bbon|hover\u00bb]<\/p>\n<p>Este servicio contempla la vigilancia de: Instalaciones de Almacenes, Supervisi\u00f3n, Implementaci\u00f3n y Administraci\u00f3n del Centro de Control o Centro de Administraci\u00f3n de Emergencias .<\/p>\n<p><strong>Beneficios:<\/strong><\/p>\n<ul>\n<li>Inspecciones de seguridad de instalaciones de Almacenes y equipos<\/li>\n<li>Control de accesos e identificaci\u00f3n del personal de la obra<\/li>\n<li>Monitorizaci\u00f3n de c\u00e1maras de circuito cerrado<\/li>\n<li>Requisas de veh\u00edculos y personal<\/li>\n<li>Sistemas de control de rondas y fichajes con transmisi\u00f3n en tiempo real<\/li>\n<li>Revisi\u00f3n del usos de equipamiento actualizados<\/li>\n<li>Revisi\u00f3n de los planes de seguridad operacional\u00a0<\/li>\n<li>Monitorizaci\u00f3n de c\u00e1maras de circuito cerrado<\/li>\n<li>Manejo de situaciones de crisis o riesgos.<\/li>\n<\/ul>\n<h4 style=\"text-align: center;\"><\/h4>\n<p>[\/et_pb_text][et_pb_button button_url=\u00bbhttps:\/\/seguridadsvip365-3s.com\/index.php\/pqrs\/\u00bb button_text=\u00bbCONTACTANOS\u00bb button_alignment=\u00bbcenter\u00bb _builder_version=\u00bb4.0.9&#8243; custom_button=\u00bbon\u00bb button_text_color=\u00bb#000000&#8243; button_bg_color=\u00bb#ddc300&#8243; button_border_color=\u00bbrgba(0,0,0,0)\u00bb button_icon=\u00bb%%264%%\u00bb button_icon_color=\u00bb#000000&#8243; custom_margin=\u00bb-8px|6px|-258px|-7px|false|false\u00bb custom_padding=\u00bb6px||0px|22px||\u00bb button_text_shadow_style=\u00bbpreset1&#8243; box_shadow_style=\u00bbpreset5&#8243; locked=\u00bboff\u00bb][\/et_pb_button][\/et_pb_column][\/et_pb_row][\/et_pb_section]<\/p>\n","protected":false},"excerpt":{"rendered":"<p>[et_pb_section fb_built=\u00bb1&#8243; inner_shadow=\u00bbon\u00bb disabled_on=\u00bbon|on|off\u00bb _builder_version=\u00bb4.0.9&#8243; use_background_color_gradient=\u00bbon\u00bb background_color_gradient_start=\u00bb#ede100&#8243; background_color_gradient_end=\u00bbrgba(0,0,0,0.54)\u00bb background_image=\u00bbhttp:\/\/seguridadsvip365-3s.com\/wp-content\/uploads\/2021\/12\/WhatsApp-Image-2021-04-06-at-10.51.26-2.jpeg\u00bb width=\u00bb100%\u00bb width_tablet=\u00bb\u00bb width_phone=\u00bb100%\u00bb width_last_edited=\u00bbon|phone\u00bb max_width=\u00bb100%\u00bb min_height=\u00bb405px\u00bb height_tablet=\u00bb\u00bb height_phone=\u00bb100vh\u00bb height_last_edited=\u00bbon|desktop\u00bb max_height=\u00bb100px\u00bb max_height_tablet=\u00bb\u00bb max_height_phone=\u00bb\u00bb max_height_last_edited=\u00bbon|desktop\u00bb custom_margin=\u00bb||-34px||false|false\u00bb custom_padding=\u00bb46px||482px|0px||\u00bb top_divider_color=\u00bb#000000&#8243; bottom_divider_style=\u00bbasymmetric3&#8243; bottom_divider_color=\u00bb#edf000&#8243; bottom_divider_height=\u00bb155px\u00bb bottom_divider_flip=\u00bbvertical\u00bb background_last_edited=\u00bbon|phone\u00bb background_image_phone=\u00bbhttp:\/\/seguridadsvip365-3s.com\/wp-content\/uploads\/2021\/10\/Captura-de-pantalla-10.png\u00bb background_enable_image_phone=\u00bbon\u00bb background_position_tablet=\u00bbcenter\u00bb background_repeat_tablet=\u00bbrepeat-x\u00bb background_repeat_phone=\u00bbspace\u00bb locked=\u00bboff\u00bb][et_pb_row _builder_version=\u00bb4.0.9&#8243;][et_pb_column type=\u00bb4_4&#8243; _builder_version=\u00bb4.0.9&#8243;][et_pb_text disabled_on=\u00bbon|on|off\u00bb _builder_version=\u00bb4.0.9&#8243; text_font=\u00bbPoppins|700|||||||\u00bb text_text_color=\u00bb#000000&#8243; text_font_size=\u00bb40px\u00bb text_letter_spacing=\u00bb1px\u00bb text_line_height=\u00bb1.6em\u00bb min_height=\u00bb57px\u00bb custom_margin=\u00bb172px|-21px|1px|-99px||\u00bb custom_padding=\u00bb198px||109px|167px||\u00bb text_font_size_tablet=\u00bb\u00bb text_font_size_phone=\u00bb30px\u00bb text_font_size_last_edited=\u00bbon|phone\u00bb text_text_shadow_style=\u00bbpreset1&#8243; locked=\u00bboff\u00bb] SEGURIDAD [&hellip;]<\/p>\n","protected":false},"author":2,"featured_media":0,"parent":0,"menu_order":0,"comment_status":"closed","ping_status":"closed","template":"","meta":{"_et_pb_use_builder":"on","_et_pb_old_content":"<!-- wp:divi\/placeholder \/-->","_joinchat":[],"footnotes":""},"_links":{"self":[{"href":"https:\/\/seguridadsvip365-3s.com\/index.php\/wp-json\/wp\/v2\/pages\/1735"}],"collection":[{"href":"https:\/\/seguridadsvip365-3s.com\/index.php\/wp-json\/wp\/v2\/pages"}],"about":[{"href":"https:\/\/seguridadsvip365-3s.com\/index.php\/wp-json\/wp\/v2\/types\/page"}],"author":[{"embeddable":true,"href":"https:\/\/seguridadsvip365-3s.com\/index.php\/wp-json\/wp\/v2\/users\/2"}],"replies":[{"embeddable":true,"href":"https:\/\/seguridadsvip365-3s.com\/index.php\/wp-json\/wp\/v2\/comments?post=1735"}],"version-history":[{"count":9,"href":"https:\/\/seguridadsvip365-3s.com\/index.php\/wp-json\/wp\/v2\/pages\/1735\/revisions"}],"predecessor-version":[{"id":2090,"href":"https:\/\/seguridadsvip365-3s.com\/index.php\/wp-json\/wp\/v2\/pages\/1735\/revisions\/2090"}],"wp:attachment":[{"href":"https:\/\/seguridadsvip365-3s.com\/index.php\/wp-json\/wp\/v2\/media?parent=1735"}],"curies":[{"name":"wp","href":"https:\/\/api.w.org\/{rel}","templated":true}]}}